{"id":713,"date":"2020-11-22T16:28:18","date_gmt":"2020-11-22T16:28:18","guid":{"rendered":"https:\/\/shaktireggae.com\/shakti-ii-reggae-band-biography-%f0%9f%a6%81\/"},"modified":"2023-03-06T10:43:24","modified_gmt":"2023-03-06T10:43:24","slug":"biography","status":"publish","type":"page","link":"https:\/\/shaktireggae.com\/en\/biography\/","title":{"rendered":"SHAKTI I&amp;I biography: From roots to future \ud83e\udd81"},"content":{"rendered":"\n<div class=\"inherit-container-width is-layout-constrained wp-block-group\"><div class=\"wp-block-group__inner-container\">\n<p>It was October 2007, the reggae world was saying goodbye to Lucky Dube&#8230; Those days, in a BCN Arts venue, 5 musicians (Ras Maxx David, Le\u00f3n Demar\u00eda, Toni Capel, Joan Martos and Rafa Fortu\u00f1o) would come together, united by common projects and, above all, the concern for making roots reggae, from the utmost respect for Jamaican styles, and each one contributing a very high degree of creativity.<\/p>\n\n\n\n<figure class=\"wp-block-image alignright size-large is-resized\"><img decoding=\"async\" loading=\"lazy\" src=\"https:\/\/i0.wp.com\/shaktireggae.com\/wp-content\/uploads\/2020\/11\/294490_10150308516569639_593666338_n.jpg?resize=398%2C239&#038;ssl=1\" alt=\"\" class=\"wp-image-153\" width=\"398\" height=\"239\" data-recalc-dims=\"1\" \/><figcaption class=\"wp-element-caption\">SHAKTI I&amp;I: Antic Teatre 2011<\/figcaption><\/figure>\n\n\n\n<p>In a short time they created their own extensive repertoire and in August 2008 the Guinarecords cultural association hosted what would be the first live performance of many in the mythical space of La Pau. Thus will begin a stage of concerts in alternative venues and parties in the province of Barcelona, during which they record their <a href=\"https:\/\/shaktireggae.com\/en\/merchandising-shakti-reggae\/\">presentation E.P.: Shakti I&amp;I<\/a>. Recorder and produced in BCN Arts &#8211; 2009.<\/p>\n\n\n\n<p>Incorporating the choristers Lidia and Sveti the band begins to stand out, appearing in more festivals and radio programs. And with the incorporation of Malu to the choirs and Sound Mo as a technician, they began the recording and production of &#8220;<a href=\"https:\/\/shaktireggae.com\/en\/caminamos-juntos\/\">Caminamos Juntos<\/a>&#8220;, the band&#8217;s first full-length, which would see light at the end of 2012. In those times Dontai joined the group, and Jordi a.k.a. Forbil Musicman replaces Joan Martos on bass, just for the presentation tour, which will take them on a mini-tour through the south of France and to participate in major Festivals such as Rototom Sunsplash, Reggaeboa or Afroca\u00f1a.<\/p>\n\n\n\n<figure class=\"wp-block-image alignleft size-large is-resized\"><img decoding=\"async\" loading=\"lazy\" src=\"https:\/\/i0.wp.com\/shaktireggae.com\/wp-content\/uploads\/2020\/11\/12651385_10153421681764639_7760969139792837970_n.jpg?resize=395%2C222&#038;ssl=1\" alt=\"\" class=\"wp-image-154\" width=\"395\" height=\"222\" srcset=\"https:\/\/i0.wp.com\/shaktireggae.com\/wp-content\/uploads\/2020\/11\/12651385_10153421681764639_7760969139792837970_n.jpg?w=960&amp;ssl=1 960w, https:\/\/i0.wp.com\/shaktireggae.com\/wp-content\/uploads\/2020\/11\/12651385_10153421681764639_7760969139792837970_n.jpg?resize=300%2C168&amp;ssl=1 300w, https:\/\/i0.wp.com\/shaktireggae.com\/wp-content\/uploads\/2020\/11\/12651385_10153421681764639_7760969139792837970_n.jpg?resize=768%2C431&amp;ssl=1 768w\" sizes=\"(max-width: 395px) 100vw, 395px\" data-recalc-dims=\"1\" \/><figcaption class=\"wp-element-caption\">Recording inna Urban Roots Studio. 2016<\/figcaption><\/figure>\n\n\n\n<p>Around 2015, the departures of Lidia, Le\u00f3n and, after a while, Jordi, would force them to continue for a while based on collaborations, until the definitive integration of Rober Ortiz on bass and Vicen\u00e7 Galindo on guitar, when they recorded with a renewed air &#8220;<a href=\"https:\/\/shaktireggae.com\/en\/who-we\/\">Who We<\/a>?&#8221; at the Blackbird Studios in Barcelona, which so far is the last LP by Shakti I&amp;I.<\/p>\n\n\n\n<p>During their career they have been able to count on the collaboration of percussionists, such as &#8216;los Fedes&#8217;, Mamadou or Juan Da Costa, with the sisters Lutxi, Sonia, Elena&#8230; to the choirs, guitarists like D\u00eddac Matas or Ricard Durany, in whose studio from Urban Roots have also recorded a couple of singles. They have also collaborated &#8220;Chil Anko&#8221; on sax and David Maestro, on any of the strings, and Rootsless on the sound box. <\/p>\n\n\n\n<figure class=\"wp-block-image aligncenter size-large is-resized\"><img decoding=\"async\" loading=\"lazy\" src=\"https:\/\/i0.wp.com\/shaktireggae.com\/wp-content\/uploads\/2023\/02\/shakti_15anys_horizontal_color2.png?resize=512%2C216&#038;ssl=1\" alt=\"\" class=\"wp-image-780\" width=\"512\" height=\"216\" srcset=\"https:\/\/i0.wp.com\/shaktireggae.com\/wp-content\/uploads\/2023\/02\/shakti_15anys_horizontal_color2.png?resize=1024%2C431&amp;ssl=1 1024w, https:\/\/i0.wp.com\/shaktireggae.com\/wp-content\/uploads\/2023\/02\/shakti_15anys_horizontal_color2.png?resize=300%2C126&amp;ssl=1 300w, https:\/\/i0.wp.com\/shaktireggae.com\/wp-content\/uploads\/2023\/02\/shakti_15anys_horizontal_color2.png?resize=768%2C323&amp;ssl=1 768w, https:\/\/i0.wp.com\/shaktireggae.com\/wp-content\/uploads\/2023\/02\/shakti_15anys_horizontal_color2.png?resize=1536%2C647&amp;ssl=1 1536w, https:\/\/i0.wp.com\/shaktireggae.com\/wp-content\/uploads\/2023\/02\/shakti_15anys_horizontal_color2.png?w=1900&amp;ssl=1 1900w\" sizes=\"(max-width: 512px) 100vw, 512px\" data-recalc-dims=\"1\" \/><\/figure>\n\n\n\n<p class=\"has-text-align-center\">In 2023 Shakti I&amp;I will celebrate its 15th anniversary with new songs, line-up surprises, concerts and special events&#8230;<\/p>\n\n\n\n<p class=\"has-text-align-center\">Stay tuned to the web and our social networks so you don&#8217;t miss any surprises!<\/p>\n<\/div><\/div>\n\n<div class=\"inherit-container-width is-layout-constrained wp-block-group\"><div class=\"wp-block-group__inner-container\">\n<h2><strong>GIGS, FESTIVALS AND RADIO<\/strong><\/h2>\n\n\n\n<figure class=\"wp-block-image alignright size-large is-resized\"><img decoding=\"async\" loading=\"lazy\" src=\"https:\/\/i0.wp.com\/shaktireggae.com\/wp-content\/uploads\/2020\/11\/30629204_10155542421884639_1638180915597279232_o.jpg?resize=426%2C423&#038;ssl=1\" alt=\"\" class=\"wp-image-157\" width=\"426\" height=\"423\" srcset=\"https:\/\/i0.wp.com\/shaktireggae.com\/wp-content\/uploads\/2020\/11\/30629204_10155542421884639_1638180915597279232_o.jpg?resize=150%2C150&amp;ssl=1 150w, https:\/\/i0.wp.com\/shaktireggae.com\/wp-content\/uploads\/2020\/11\/30629204_10155542421884639_1638180915597279232_o.jpg?zoom=2&amp;resize=426%2C423&amp;ssl=1 852w\" sizes=\"(max-width: 426px) 100vw, 426px\" data-recalc-dims=\"1\" \/><figcaption class=\"wp-element-caption\">SHAKTI I&amp;I inna Can Batll\u00f3 2018<\/figcaption><\/figure>\n\n\n\n<p>Shakti I&amp;I have performed in some of the main stage venues in Barcelona: Guinarecords, Razzmatazz, Sala Monasterio, Marula Caf\u00e9, Sala Upload, S\u00e1ndalo, La Farinera Del Clot, Espai Fontana, La B\u00e1scula. Also in mythical spaces of the community and even southern France: La Resist\u00e9ncia (Hospitalet), Estraperlo Club del ritme (Badalona), Mam\u00e1 Mandawa, C.C.Mirasol (Sant cugat), HMS, Le comptoir du jazz (Bourdeaux), La Boite ( Lleida). And they have been very well received in beach bars all over the Catalan coast: Bamb\u00fa, Takuara, Marcel, Txiringuito X, Km Pause&#8230; They have also had the opportunity to entertain parties in many neighborhoods and towns: Gr\u00e0cia, La Verneda, Sant Mart\u00ed, Poble Nou, Gav\u00e0&#8230;<\/p>\n\n\n\n<p>Regarding festivals, SHAKTI I&amp;I have performed at Rototom Sunsplash(Benic\u00e0ssim), Iboga Summer Festival(Tabernes de Valldigna), Bioritme Festival(Vilanova de Sau), ReggaeBoa(Balboa), Golden Fest (Parets del Vall\u00e9s), Muzic al parc (Terrasa), AlterNativa(Sant Pol), Afroca\u00f1a(Barcelona)&#8230;<\/p>\n\n\n\n<p>Multiple radio programs have also invited the band to acoustic performances and interviews, including: SoundSystem FM (Radio Ciutat Vella), Radio Sant Cugat, Satelite Boing (Radio Contrabanda), Godparents of Argento (Radio Argentona)&#8230;<\/p>\n<\/div><\/div>\n\n<div class=\"inherit-container-width is-layout-constrained wp-block-group form-container\"><div class=\"wp-block-group__inner-container\">\n<h3><strong>CONTACT SHAKTI I&amp;I reggae band<\/strong><\/h3>\n\n\n<div class=\"wpforms-container wpforms-container-full wpforms-block shakti-contact\" id=\"wpforms-749\"><form id=\"wpforms-form-749\" class=\"wpforms-validate wpforms-form wpforms-ajax-form\" data-formid=\"749\" method=\"post\" enctype=\"multipart\/form-data\" action=\"\/en\/wp-json\/wp\/v2\/pages\/713\" data-token=\"07f3809e63ed9e42328fe09d285dac7b\" data-token-time=\"1776852371\"><noscript class=\"wpforms-error-noscript\">Please enable JavaScript in your browser to complete this form.<\/noscript><div class=\"wpforms-field-container\"><div id=\"wpforms-749-field_0-container\" class=\"wpforms-field wpforms-field-name\" data-field-id=\"0\"><label class=\"wpforms-field-label\" for=\"wpforms-749-field_0\">Name <span class=\"wpforms-required-label\">*<\/span><\/label><input type=\"text\" id=\"wpforms-749-field_0\" class=\"wpforms-field-medium wpforms-field-required\" name=\"wpforms[fields][0]\" required><\/div><div id=\"wpforms-749-field_1-container\" class=\"wpforms-field wpforms-field-email\" data-field-id=\"1\"><label class=\"wpforms-field-label\" for=\"wpforms-749-field_1\">e-mail <span class=\"wpforms-required-label\">*<\/span><\/label><input type=\"email\" id=\"wpforms-749-field_1\" class=\"wpforms-field-medium wpforms-field-required\" name=\"wpforms[fields][1]\" spellcheck=\"false\" required><\/div><div id=\"wpforms-749-field_2-container\" class=\"wpforms-field wpforms-field-textarea\" data-field-id=\"2\"><label class=\"wpforms-field-label\" for=\"wpforms-749-field_2\">Message or request <span class=\"wpforms-required-label\">*<\/span><\/label><textarea id=\"wpforms-749-field_2\" class=\"wpforms-field-medium wpforms-field-required\" name=\"wpforms[fields][2]\" required><\/textarea><\/div><div id=\"wpforms-749-field_6-container\" class=\"wpforms-field wpforms-field-gdpr-checkbox\" data-field-id=\"6\"><label class=\"wpforms-field-label\">GDPR agreement  <span class=\"wpforms-required-label\">*<\/span><\/label><ul id=\"wpforms-749-field_6\" class=\"wpforms-field-required\"><li class=\"choice-1\"><input type=\"checkbox\" id=\"wpforms-749-field_6_1\" name=\"wpforms[fields][6][]\" value=\"I give my consent for this website to store the information I send so that they can respond to my request. \" required ><label class=\"wpforms-field-label-inline\" for=\"wpforms-749-field_6_1\">I give my consent for this website to store the information I send so that they can respond to my request. <\/label><\/li><\/ul><\/div><\/div><!-- .wpforms-field-container --><div class=\"wpforms-recaptcha-container wpforms-is-recaptcha wpforms-is-recaptcha-type-v3\" ><input type=\"hidden\" name=\"wpforms[recaptcha]\" value=\"\"><\/div><div class=\"wpforms-submit-container\" ><input type=\"hidden\" name=\"wpforms[id]\" value=\"749\"><input type=\"hidden\" name=\"page_title\" value=\"\"><input type=\"hidden\" name=\"page_url\" value=\"https:\/\/shaktireggae.com\/en\/wp-json\/wp\/v2\/pages\/713\"><input type=\"hidden\" name=\"url_referer\" value=\"\"><button type=\"submit\" name=\"wpforms[submit]\" id=\"wpforms-submit-749\" class=\"wpforms-submit\" data-alt-text=\"Sending...\" data-submit-text=\"SEND\" aria-live=\"assertive\" value=\"wpforms-submit\">SEND<\/button><img decoding=\"async\" loading=\"lazy\" src=\"https:\/\/shaktireggae.com\/wp-content\/plugins\/wpforms-lite\/assets\/images\/submit-spin.svg\" class=\"wpforms-submit-spinner\" style=\"display: none;\" width=\"26\" height=\"26\" alt=\"Loading\"><\/div><\/form><\/div>  <!-- .wpforms-container --><\/div><\/div>\n","protected":false},"excerpt":{"rendered":"<p>It was October 2007, the reggae world was saying goodbye to Lucky Dube&#8230; Those days, in a BCN Arts venue, 5 musicians (Ras Maxx David, Le\u00f3n Demar\u00eda, Toni Capel, Joan Martos and Rafa Fortu\u00f1o) would come together, united by common projects and, above all, the concern for making roots reggae, from the utmost respect for &hellip;<\/p>\n<p class=\"read-more\"> <a class=\"\" href=\"https:\/\/shaktireggae.com\/en\/biography\/\"> <span class=\"screen-reader-text\">SHAKTI I&amp;I biography: From roots to future \ud83e\udd81<\/span> Read More &raquo;<\/a><\/p>\n","protected":false},"author":1,"featured_media":773,"parent":0,"menu_order":0,"comment_status":"open","ping_status":"closed","template":"","meta":{"site-sidebar-layout":"default","site-content-layout":"default","ast-global-header-display":"","ast-main-header-display":"","ast-hfb-above-header-display":"","ast-hfb-below-header-display":"","ast-hfb-mobile-header-display":"","site-post-title":"","ast-breadcrumbs-content":"","ast-featured-img":"disabled","footer-sml-layout":"","theme-transparent-header-meta":"default","adv-header-id-meta":"","stick-header-meta":"","header-above-stick-meta":"","header-main-stick-meta":"","header-below-stick-meta":""},"yoast_head":"<!-- This site is optimized with the Yoast SEO plugin v21.0 - https:\/\/yoast.com\/wordpress\/plugins\/seo\/ -->\n<title>SHAKTI I&amp;I biography: From roots to future \ud83e\udd81 - SHAKTI I&amp;I Reggae Band-Oficial Page<\/title>\n<meta name=\"description\" content=\"Albums, video, songs, lives... All the information about this veteran reggae band from Barcelona.\" \/>\n<meta name=\"robots\" content=\"index, follow, max-snippet:-1, max-image-preview:large, max-video-preview:-1\" \/>\n<link rel=\"canonical\" href=\"https:\/\/shaktireggae.com\/en\/biography\/\" \/>\n<meta property=\"og:locale\" content=\"en_US\" \/>\n<meta property=\"og:type\" content=\"article\" \/>\n<meta property=\"og:title\" content=\"SHAKTI I&amp;I biography: From roots to future \ud83e\udd81 - SHAKTI I&amp;I Reggae Band-Oficial Page\" \/>\n<meta property=\"og:description\" content=\"Albums, video, songs, lives... All the information about this veteran reggae band from Barcelona.\" \/>\n<meta property=\"og:url\" content=\"https:\/\/shaktireggae.com\/en\/biography\/\" \/>\n<meta property=\"og:site_name\" content=\"SHAKTI I&amp;I Reggae Band-Oficial Page\" \/>\n<meta property=\"article:publisher\" content=\"https:\/\/www.facebook.com\/shaktibcn\/\" \/>\n<meta property=\"article:modified_time\" content=\"2023-03-06T10:43:24+00:00\" \/>\n<meta property=\"og:image\" content=\"https:\/\/i0.wp.com\/shaktireggae.com\/wp-content\/uploads\/2023\/01\/shakti_15years_color_png-1.png?fit=1500%2C1500&ssl=1\" \/>\n\t<meta property=\"og:image:width\" content=\"1500\" \/>\n\t<meta property=\"og:image:height\" content=\"1500\" \/>\n\t<meta property=\"og:image:type\" content=\"image\/png\" \/>\n<meta name=\"twitter:card\" content=\"summary_large_image\" \/>\n<meta name=\"twitter:label1\" content=\"Est. reading time\" \/>\n\t<meta name=\"twitter:data1\" content=\"3 minutes\" \/>\n<script type=\"application\/ld+json\" class=\"yoast-schema-graph\">{\"@context\":\"https:\/\/schema.org\",\"@graph\":[{\"@type\":\"WebPage\",\"@id\":\"https:\/\/shaktireggae.com\/en\/biography\/\",\"url\":\"https:\/\/shaktireggae.com\/en\/biography\/\",\"name\":\"SHAKTI I&amp;I biography: From roots to future \ud83e\udd81 - SHAKTI I&amp;I Reggae Band-Oficial Page\",\"isPartOf\":{\"@id\":\"https:\/\/shaktireggae.com\/en\/#website\"},\"datePublished\":\"2020-11-22T16:28:18+00:00\",\"dateModified\":\"2023-03-06T10:43:24+00:00\",\"description\":\"Albums, video, songs, lives... All the information about this veteran reggae band from Barcelona.\",\"breadcrumb\":{\"@id\":\"https:\/\/shaktireggae.com\/en\/biography\/#breadcrumb\"},\"inLanguage\":\"en-US\",\"potentialAction\":[{\"@type\":\"ReadAction\",\"target\":[\"https:\/\/shaktireggae.com\/en\/biography\/\"]}]},{\"@type\":\"BreadcrumbList\",\"@id\":\"https:\/\/shaktireggae.com\/en\/biography\/#breadcrumb\",\"itemListElement\":[{\"@type\":\"ListItem\",\"position\":1,\"name\":\"Portada\",\"item\":\"https:\/\/shaktireggae.com\/en\/\"},{\"@type\":\"ListItem\",\"position\":2,\"name\":\"SHAKTI I&amp;I biography: From roots to future \ud83e\udd81\"}]},{\"@type\":\"WebSite\",\"@id\":\"https:\/\/shaktireggae.com\/en\/#website\",\"url\":\"https:\/\/shaktireggae.com\/en\/\",\"name\":\"SHAKTI I&I Reggae Band-Oficial Page\",\"description\":\"Bienvenido al web oficial de Shakti I&amp;I reggae band. Toda su m&uacute;sica, fotos, v&iacute;deos, noticias, eventos...\",\"publisher\":{\"@id\":\"https:\/\/shaktireggae.com\/en\/#organization\"},\"potentialAction\":[{\"@type\":\"SearchAction\",\"target\":{\"@type\":\"EntryPoint\",\"urlTemplate\":\"https:\/\/shaktireggae.com\/en\/?s={search_term_string}\"},\"query-input\":\"required name=search_term_string\"}],\"inLanguage\":\"en-US\"},{\"@type\":\"Organization\",\"@id\":\"https:\/\/shaktireggae.com\/en\/#organization\",\"name\":\"SHAKTI I&I Reggae Band\",\"url\":\"https:\/\/shaktireggae.com\/en\/\",\"logo\":{\"@type\":\"ImageObject\",\"inLanguage\":\"en-US\",\"@id\":\"https:\/\/shaktireggae.com\/en\/#\/schema\/logo\/image\/\",\"url\":\"https:\/\/i0.wp.com\/shaktireggae.com\/wp-content\/uploads\/2023\/01\/shakti_15years_color_png-1.png?fit=1500%2C1500&ssl=1\",\"contentUrl\":\"https:\/\/i0.wp.com\/shaktireggae.com\/wp-content\/uploads\/2023\/01\/shakti_15years_color_png-1.png?fit=1500%2C1500&ssl=1\",\"width\":1500,\"height\":1500,\"caption\":\"SHAKTI I&I Reggae Band\"},\"image\":{\"@id\":\"https:\/\/shaktireggae.com\/en\/#\/schema\/logo\/image\/\"},\"sameAs\":[\"https:\/\/www.facebook.com\/shaktibcn\/\",\"https:\/\/www.instagram.com\/shaktiini\/\",\"https:\/\/shaktiini.bandcamp.com\/\",\"https:\/\/www.youtube.com\/@inishakti\"]}]}<\/script>\n<!-- \/ Yoast SEO plugin. -->","yoast_head_json":{"title":"SHAKTI I&amp;I biography: From roots to future \ud83e\udd81 - SHAKTI I&amp;I Reggae Band-Oficial Page","description":"Albums, video, songs, lives... All the information about this veteran reggae band from Barcelona.","robots":{"index":"index","follow":"follow","max-snippet":"max-snippet:-1","max-image-preview":"max-image-preview:large","max-video-preview":"max-video-preview:-1"},"canonical":"https:\/\/shaktireggae.com\/en\/biography\/","og_locale":"en_US","og_type":"article","og_title":"SHAKTI I&amp;I biography: From roots to future \ud83e\udd81 - SHAKTI I&amp;I Reggae Band-Oficial Page","og_description":"Albums, video, songs, lives... All the information about this veteran reggae band from Barcelona.","og_url":"https:\/\/shaktireggae.com\/en\/biography\/","og_site_name":"SHAKTI I&amp;I Reggae Band-Oficial Page","article_publisher":"https:\/\/www.facebook.com\/shaktibcn\/","article_modified_time":"2023-03-06T10:43:24+00:00","og_image":[{"width":1500,"height":1500,"url":"https:\/\/i0.wp.com\/shaktireggae.com\/wp-content\/uploads\/2023\/01\/shakti_15years_color_png-1.png?fit=1500%2C1500&ssl=1","type":"image\/png"}],"twitter_card":"summary_large_image","twitter_misc":{"Est. reading time":"3 minutes"},"schema":{"@context":"https:\/\/schema.org","@graph":[{"@type":"WebPage","@id":"https:\/\/shaktireggae.com\/en\/biography\/","url":"https:\/\/shaktireggae.com\/en\/biography\/","name":"SHAKTI I&amp;I biography: From roots to future \ud83e\udd81 - SHAKTI I&amp;I Reggae Band-Oficial Page","isPartOf":{"@id":"https:\/\/shaktireggae.com\/en\/#website"},"datePublished":"2020-11-22T16:28:18+00:00","dateModified":"2023-03-06T10:43:24+00:00","description":"Albums, video, songs, lives... All the information about this veteran reggae band from Barcelona.","breadcrumb":{"@id":"https:\/\/shaktireggae.com\/en\/biography\/#breadcrumb"},"inLanguage":"en-US","potentialAction":[{"@type":"ReadAction","target":["https:\/\/shaktireggae.com\/en\/biography\/"]}]},{"@type":"BreadcrumbList","@id":"https:\/\/shaktireggae.com\/en\/biography\/#breadcrumb","itemListElement":[{"@type":"ListItem","position":1,"name":"Portada","item":"https:\/\/shaktireggae.com\/en\/"},{"@type":"ListItem","position":2,"name":"SHAKTI I&amp;I biography: From roots to future \ud83e\udd81"}]},{"@type":"WebSite","@id":"https:\/\/shaktireggae.com\/en\/#website","url":"https:\/\/shaktireggae.com\/en\/","name":"SHAKTI I&I Reggae Band-Oficial Page","description":"Bienvenido al web oficial de Shakti I&amp;I reggae band. Toda su m&uacute;sica, fotos, v&iacute;deos, noticias, eventos...","publisher":{"@id":"https:\/\/shaktireggae.com\/en\/#organization"},"potentialAction":[{"@type":"SearchAction","target":{"@type":"EntryPoint","urlTemplate":"https:\/\/shaktireggae.com\/en\/?s={search_term_string}"},"query-input":"required name=search_term_string"}],"inLanguage":"en-US"},{"@type":"Organization","@id":"https:\/\/shaktireggae.com\/en\/#organization","name":"SHAKTI I&I Reggae Band","url":"https:\/\/shaktireggae.com\/en\/","logo":{"@type":"ImageObject","inLanguage":"en-US","@id":"https:\/\/shaktireggae.com\/en\/#\/schema\/logo\/image\/","url":"https:\/\/i0.wp.com\/shaktireggae.com\/wp-content\/uploads\/2023\/01\/shakti_15years_color_png-1.png?fit=1500%2C1500&ssl=1","contentUrl":"https:\/\/i0.wp.com\/shaktireggae.com\/wp-content\/uploads\/2023\/01\/shakti_15years_color_png-1.png?fit=1500%2C1500&ssl=1","width":1500,"height":1500,"caption":"SHAKTI I&I Reggae Band"},"image":{"@id":"https:\/\/shaktireggae.com\/en\/#\/schema\/logo\/image\/"},"sameAs":["https:\/\/www.facebook.com\/shaktibcn\/","https:\/\/www.instagram.com\/shaktiini\/","https:\/\/shaktiini.bandcamp.com\/","https:\/\/www.youtube.com\/@inishakti"]}]}},"_links":{"self":[{"href":"https:\/\/shaktireggae.com\/en\/wp-json\/wp\/v2\/pages\/713"}],"collection":[{"href":"https:\/\/shaktireggae.com\/en\/wp-json\/wp\/v2\/pages"}],"about":[{"href":"https:\/\/shaktireggae.com\/en\/wp-json\/wp\/v2\/types\/page"}],"author":[{"embeddable":true,"href":"https:\/\/shaktireggae.com\/en\/wp-json\/wp\/v2\/users\/1"}],"replies":[{"embeddable":true,"href":"https:\/\/shaktireggae.com\/en\/wp-json\/wp\/v2\/comments?post=713"}],"version-history":[{"count":9,"href":"https:\/\/shaktireggae.com\/en\/wp-json\/wp\/v2\/pages\/713\/revisions"}],"predecessor-version":[{"id":824,"href":"https:\/\/shaktireggae.com\/en\/wp-json\/wp\/v2\/pages\/713\/revisions\/824"}],"wp:featuredmedia":[{"embeddable":true,"href":"https:\/\/shaktireggae.com\/en\/wp-json\/wp\/v2\/media\/773"}],"wp:attachment":[{"href":"https:\/\/shaktireggae.com\/en\/wp-json\/wp\/v2\/media?parent=713"}],"curies":[{"name":"wp","href":"https:\/\/api.w.org\/{rel}","templated":true}]}}